{"id":442,"date":"2020-03-18T07:44:41","date_gmt":"2020-03-18T06:44:41","guid":{"rendered":"http:\/\/www.h4y-immo.at\/?page_id=442"},"modified":"2022-09-09T11:19:05","modified_gmt":"2022-09-09T09:19:05","slug":"poertschach","status":"publish","type":"page","link":"https:\/\/www.h4y-immo.at\/en\/poertschach\/","title":{"rendered":"P\u00f6rtschach"},"content":{"rendered":"<div class=\"wpb-content-wrapper\"><p>[vc_row][vc_column css=&#8221;.vc_custom_1583935398243{padding-right: 10% !important;padding-left: 10% !important;}&#8221;]<div class=\"dt-fancy-separator text-big title-color\" style=\"width: 100%;\"><div class=\"dt-fancy-title\"><span class=\"separator-holder separator-left\" style=\"border-color: #00b1eb;\"><\/span>ABOUT P\u00d6RTSCHACH<span class=\"separator-holder separator-right\" style=\"border-color: #00b1eb;\"><\/span><\/div><\/div>[vc_empty_space][vc_column_text]On the north shore, where the lake is at its most beautiful, a small peninsula pushes into the lake, to the left and right bordered by the traditional seaside resort of P\u00f6rtschach.<\/p>\n<p>The unique colour of the lake conveys a feeling of well-being even from the shore. Along the flower promenade at the Promenadenbad, the wooded headland, the Capuchin Island in front of the &#8220;Landspitz&#8221; and the flower island, accessible via a bridge, round off the unique ambience.[\/vc_column_text][vc_empty_space]<div class=\"dt-fancy-separator text-big title-color\" style=\"width: 100%;\"><div class=\"dt-fancy-title\"><span class=\"separator-holder separator-left\" style=\"border-color: #00b1eb;\"><\/span>HISTORY<span class=\"separator-holder separator-right\" style=\"border-color: #00b1eb;\"><\/span><\/div><\/div>[\/vc_column][\/vc_row][vc_row][vc_column css=&#8221;.vc_custom_1584019300148{padding-right: 10% !important;padding-bottom: 5% !important;padding-left: 10% !important;background-color: #f2f2f2 !important;}&#8221;]<style type=\"text\/css\" data-type=\"the7_shortcodes-inline-css\">.carousel-shortcode.carousel-shortcode-id-09d1b1a79843f10bc40caf66778988ae.owl-carousel .owl-nav div {\n  width: 36px;\n  height: 36px;\n  border-radius: 500px;\n}\n.dt-arrow-border-on.carousel-shortcode.carousel-shortcode-id-09d1b1a79843f10bc40caf66778988ae.owl-carousel .owl-nav div:not(:hover):before {\n  border-width: 0px;\n}\n.dt-arrow-hover-border-on.carousel-shortcode.carousel-shortcode-id-09d1b1a79843f10bc40caf66778988ae.owl-carousel .owl-nav div:hover:after {\n  border-width: 0px;\n}\n.arrows-bg-on.carousel-shortcode.carousel-shortcode-id-09d1b1a79843f10bc40caf66778988ae.owl-carousel .owl-nav div:before {\n  background: #00b1eb;\n}\n.carousel-shortcode.carousel-shortcode-id-09d1b1a79843f10bc40caf66778988ae.owl-carousel .owl-nav div.owl-prev {\n  top: 50%;\n  transform: translateY(calc(-50% + 0px));\n  left: -63px;\n}\n@media all and (-ms-high-contrast: none) {\n  .carousel-shortcode.carousel-shortcode-id-09d1b1a79843f10bc40caf66778988ae.owl-carousel .owl-nav div.owl-prev {\n    transform: translateY(-50%);\n    margin-top: 0px;\n  }\n}\n.carousel-shortcode.carousel-shortcode-id-09d1b1a79843f10bc40caf66778988ae.owl-carousel .owl-nav div.owl-prev i {\n  padding: 0px 0px 0px 0px;\n}\n.carousel-shortcode.carousel-shortcode-id-09d1b1a79843f10bc40caf66778988ae.owl-carousel .owl-nav div.owl-next {\n  top: 50%;\n  transform: translateY(calc(-50% + 0px));\n  right: -63px;\n}\n@media all and (-ms-high-contrast: none) {\n  .carousel-shortcode.carousel-shortcode-id-09d1b1a79843f10bc40caf66778988ae.owl-carousel .owl-nav div.owl-next {\n    transform: translateY(-50%);\n    margin-top: 0px;\n  }\n}\n.carousel-shortcode.carousel-shortcode-id-09d1b1a79843f10bc40caf66778988ae.owl-carousel .owl-nav div.owl-next i {\n  padding: 0px 0px 0px 0px;\n}\n.carousel-shortcode.carousel-shortcode-id-09d1b1a79843f10bc40caf66778988ae.owl-carousel .owl-nav i {\n  font-size: 18px;\n}\n.carousel-shortcode.carousel-shortcode-id-09d1b1a79843f10bc40caf66778988ae.owl-carousel .owl-nav div:not(:hover) i,\n.carousel-shortcode.carousel-shortcode-id-09d1b1a79843f10bc40caf66778988ae.owl-carousel .owl-nav div:not(:hover) i:before {\n  color: #ffffff;\n  background: none;\n}\n.carousel-shortcode.carousel-shortcode-id-09d1b1a79843f10bc40caf66778988ae.owl-carousel .owl-nav div:hover i,\n.carousel-shortcode.carousel-shortcode-id-09d1b1a79843f10bc40caf66778988ae.owl-carousel .owl-nav div:hover i:before {\n  color: rgba(255,255,255,0.75);\n  background: none;\n}\n.carousel-shortcode.carousel-shortcode-id-09d1b1a79843f10bc40caf66778988ae .owl-dots {\n  top: calc(100% + 60px);\n  left: 50%;\n  transform: translateX(calc(-50% + 0px));\n}\n@media all and (-ms-high-contrast: none) {\n  .carousel-shortcode.carousel-shortcode-id-09d1b1a79843f10bc40caf66778988ae .owl-dots {\n    transform: translateX(-50%);\n    margin-left: 0px;\n  }\n}\n.carousel-shortcode.carousel-shortcode-id-09d1b1a79843f10bc40caf66778988ae .owl-dot {\n  width: 10px;\n  height: 10px;\n  margin: 0 8px;\n}\n.bullets-scale-up.carousel-shortcode.carousel-shortcode-id-09d1b1a79843f10bc40caf66778988ae .owl-dot:not(.active):not(:hover) span {\n  background: #00b1eb;\n}\n.bullets-stroke.carousel-shortcode.carousel-shortcode-id-09d1b1a79843f10bc40caf66778988ae .owl-dot:not(.active):not(:hover) span {\n  background: #00b1eb;\n}\n.bullets-fill-in.carousel-shortcode.carousel-shortcode-id-09d1b1a79843f10bc40caf66778988ae .owl-dot:not(.active):not(:hover) span {\n  box-shadow: inset 0 0 0 2px #00b1eb;\n}\n.bullets-small-dot-stroke.carousel-shortcode.carousel-shortcode-id-09d1b1a79843f10bc40caf66778988ae .owl-dot:not(.active):not(:hover) span {\n  background: #00b1eb;\n}\n.bullets-ubax.carousel-shortcode.carousel-shortcode-id-09d1b1a79843f10bc40caf66778988ae .owl-dot span {\n  background: #00b1eb;\n}\n.bullets-etefu.carousel-shortcode.carousel-shortcode-id-09d1b1a79843f10bc40caf66778988ae .owl-dot span {\n  background: #00b1eb;\n}\n@media screen and (max-width: 778px) {\n  .carousel-shortcode.carousel-shortcode-id-09d1b1a79843f10bc40caf66778988ae.hide-arrows .owl-nav a {\n    display: none;\n  }\n}\n@media screen and (max-width: 778px) {\n  .carousel-shortcode.carousel-shortcode-id-09d1b1a79843f10bc40caf66778988ae.reposition-arrows .owl-nav .owl-prev {\n    top: 50%;\n    transform: translateY(calc(-50% + 0px));\n    left: -10px;\n  }\n  .carousel-shortcode.carousel-shortcode-id-09d1b1a79843f10bc40caf66778988ae.reposition-arrows .owl-nav .owl-next {\n    top: 50%;\n    transform: translateY(calc(-50% + 0px));\n    right: -10px;\n  }\n}\n@media screen and (max-width: 778px) and all and (-ms-high-contrast: none) {\n  .carousel-shortcode.carousel-shortcode-id-09d1b1a79843f10bc40caf66778988ae.reposition-arrows .owl-nav .owl-prev {\n    transform: translateY(-50%);\n    margin-top: 0px;\n  }\n}\n@media screen and (max-width: 778px) and all and (-ms-high-contrast: none) {\n  .carousel-shortcode.carousel-shortcode-id-09d1b1a79843f10bc40caf66778988ae.reposition-arrows .owl-nav .owl-next {\n    transform: translateY(-50%);\n    margin-top: 0px;\n  }\n}<\/style><div class=\"owl-carousel carousel-shortcode dt-owl-carousel-call carousel-shortcode-id-09d1b1a79843f10bc40caf66778988ae bullets-ubax reposition-arrows arrows-bg-on dt-arrow-border-on dt-arrow-hover-border-on arrows-hover-bg-on  vc_custom_1584019343546 \" data-scroll-mode=\"1\" data-col-num=\"1\" data-wide-col-num=\"1\" data-laptop-col=\"1\" data-h-tablet-columns-num=\"1\" data-v-tablet-columns-num=\"1\" data-phone-columns-num=\"1\" data-auto-height=\"true\" data-col-gap=\"30\" data-stage-padding=\"0\" data-speed=\"600\" data-autoplay=\"false\" data-autoplay_speed=\"6000\" data-arrows=\"true\" data-bullet=\"true\" data-next-icon=\"icon-ar-017-r\" data-prev-icon=\"icon-ar-017-l\">[vc_column_text]P\u00f6rtschach on the W\u00f6rther See has always been the epitome of Carinthian tourism. About 140 years ago this place was still a small and completely unknown fishing and farming village. Nevertheless, P\u00f6rtschach &#8220;entered history&#8221; as early as Roman times, because the Noric main road from Velden led via T\u00f6schling to P\u00f6rtschach and then along the lakeside via Goritschach, Sallach, Pritschitz and Leinsdorf to Krumpendorf, as numerous finds testify.[\/vc_column_text][vc_column_text]For centuries P\u00f6rtschach was a modest village whose population had to endure a lot of hardship (Turkish invasions, plague of locusts, plague and French wars). It was not until it became a parish in its own right (1788) and a school was built (1777) that the village gained in importance.[\/vc_column_text][vc_column_text]When the Feldkirchen farmer Franz Werzer settled in P\u00f6rtschach at the end of the 18th century and acquired a huge estate, the foundation stone for the later upswing was already laid. However, it was not until 1853 that the first &#8220;tourists&#8221; came to P\u00f6rtschach with the W\u00f6rthersee boat trip. The opening of the railway (1864) finally brought P\u00f6rtschach the &#8220;connection to the big world&#8221;.[\/vc_column_text][vc_column_text]When candles were still burning almost everywhere, P\u00f6rtschach was one of the first places in Carinthia to have electric light (1904). In the outgoing monarchy it was a highly popular internationally renowned health resort.[\/vc_column_text][vc_column_text]The beauty of the landscape and the excellent accommodation facilities ensure that the <strong>&#8220;health resort by the grace of God&#8221;<\/strong> (since 1886), which today has 2,670 inhabitants, will continue to be a figurehead of Carinthia.[\/vc_column_text]<\/div>[\/vc_column][\/vc_row][vc_row][vc_column][vc_empty_space height=&#8221;60px&#8221;][\/vc_column][\/vc_row]<\/p>\n<\/div>","protected":false},"excerpt":{"rendered":"<p>[vc_row][vc_column css=&#8221;.vc_custom_1583935398243{padding-right: 10% !important;padding-left: 10% !important;}&#8221;][vc_empty_space][vc_column_text]On the north shore, where the lake is at its most beautiful, a small peninsula pushes into the lake, to the left and right bordered by the traditional seaside resort of P\u00f6rtschach. The unique colour of the lake conveys a feeling of well-being even from the shore. Along the flower&hellip;<\/p>\n","protected":false},"author":2,"featured_media":0,"parent":0,"menu_order":2,"comment_status":"closed","ping_status":"closed","template":"","meta":{"footnotes":""},"class_list":["post-442","page","type-page","status-publish","hentry","description-off"],"yoast_head":"<!-- This site is optimized with the Yoast SEO plugin v27.4 - https:\/\/yoast.com\/product\/yoast-seo-wordpress\/ -->\n<title>P\u00f6rtschach - Home4You<\/title>\n<meta name=\"robots\" content=\"index, follow, max-snippet:-1, max-image-preview:large, max-video-preview:-1\" \/>\n<link rel=\"canonical\" href=\"https:\/\/www.h4y-immo.at\/en\/poertschach\/\" \/>\n<meta property=\"og:locale\" content=\"en_US\" \/>\n<meta property=\"og:type\" content=\"article\" \/>\n<meta property=\"og:title\" content=\"P\u00f6rtschach - Home4You\" \/>\n<meta property=\"og:description\" content=\"[vc_row][vc_column css=&#8221;.vc_custom_1583935398243{padding-right: 10% !important;padding-left: 10% !important;}&#8221;][vc_empty_space][vc_column_text]On the north shore, where the lake is at its most beautiful, a small peninsula pushes into the lake, to the left and right bordered by the traditional seaside resort of P\u00f6rtschach. The unique colour of the lake conveys a feeling of well-being even from the shore. Along the flower&hellip;\" \/>\n<meta property=\"og:url\" content=\"https:\/\/www.h4y-immo.at\/en\/poertschach\/\" \/>\n<meta property=\"og:site_name\" content=\"Home4You\" \/>\n<meta property=\"article:modified_time\" content=\"2022-09-09T09:19:05+00:00\" \/>\n<meta name=\"twitter:card\" content=\"summary_large_image\" \/>\n<meta name=\"twitter:label1\" content=\"Est. reading time\" \/>\n\t<meta name=\"twitter:data1\" content=\"3 minutes\" \/>\n<script type=\"application\/ld+json\" class=\"yoast-schema-graph\">{\"@context\":\"https:\\\/\\\/schema.org\",\"@graph\":[{\"@type\":\"WebPage\",\"@id\":\"https:\\\/\\\/www.h4y-immo.at\\\/en\\\/poertschach\\\/\",\"url\":\"https:\\\/\\\/www.h4y-immo.at\\\/en\\\/poertschach\\\/\",\"name\":\"P\u00f6rtschach - Home4You\",\"isPartOf\":{\"@id\":\"https:\\\/\\\/www.h4y-immo.at\\\/en\\\/#website\"},\"datePublished\":\"2020-03-18T06:44:41+00:00\",\"dateModified\":\"2022-09-09T09:19:05+00:00\",\"breadcrumb\":{\"@id\":\"https:\\\/\\\/www.h4y-immo.at\\\/en\\\/poertschach\\\/#breadcrumb\"},\"inLanguage\":\"en-US\",\"potentialAction\":[{\"@type\":\"ReadAction\",\"target\":[\"https:\\\/\\\/www.h4y-immo.at\\\/en\\\/poertschach\\\/\"]}]},{\"@type\":\"BreadcrumbList\",\"@id\":\"https:\\\/\\\/www.h4y-immo.at\\\/en\\\/poertschach\\\/#breadcrumb\",\"itemListElement\":[{\"@type\":\"ListItem\",\"position\":1,\"name\":\"Startseite\",\"item\":\"https:\\\/\\\/www.h4y-immo.at\\\/en\\\/\"},{\"@type\":\"ListItem\",\"position\":2,\"name\":\"P\u00f6rtschach\"}]},{\"@type\":\"WebSite\",\"@id\":\"https:\\\/\\\/www.h4y-immo.at\\\/en\\\/#website\",\"url\":\"https:\\\/\\\/www.h4y-immo.at\\\/en\\\/\",\"name\":\"Home4You\",\"description\":\"Immobilien\",\"potentialAction\":[{\"@type\":\"SearchAction\",\"target\":{\"@type\":\"EntryPoint\",\"urlTemplate\":\"https:\\\/\\\/www.h4y-immo.at\\\/en\\\/?s={search_term_string}\"},\"query-input\":{\"@type\":\"PropertyValueSpecification\",\"valueRequired\":true,\"valueName\":\"search_term_string\"}}],\"inLanguage\":\"en-US\"}]}<\/script>\n<!-- \/ Yoast SEO plugin. -->","yoast_head_json":{"title":"P\u00f6rtschach - Home4You","robots":{"index":"index","follow":"follow","max-snippet":"max-snippet:-1","max-image-preview":"max-image-preview:large","max-video-preview":"max-video-preview:-1"},"canonical":"https:\/\/www.h4y-immo.at\/en\/poertschach\/","og_locale":"en_US","og_type":"article","og_title":"P\u00f6rtschach - Home4You","og_description":"[vc_row][vc_column css=&#8221;.vc_custom_1583935398243{padding-right: 10% !important;padding-left: 10% !important;}&#8221;][vc_empty_space][vc_column_text]On the north shore, where the lake is at its most beautiful, a small peninsula pushes into the lake, to the left and right bordered by the traditional seaside resort of P\u00f6rtschach. The unique colour of the lake conveys a feeling of well-being even from the shore. Along the flower&hellip;","og_url":"https:\/\/www.h4y-immo.at\/en\/poertschach\/","og_site_name":"Home4You","article_modified_time":"2022-09-09T09:19:05+00:00","twitter_card":"summary_large_image","twitter_misc":{"Est. reading time":"3 minutes"},"schema":{"@context":"https:\/\/schema.org","@graph":[{"@type":"WebPage","@id":"https:\/\/www.h4y-immo.at\/en\/poertschach\/","url":"https:\/\/www.h4y-immo.at\/en\/poertschach\/","name":"P\u00f6rtschach - Home4You","isPartOf":{"@id":"https:\/\/www.h4y-immo.at\/en\/#website"},"datePublished":"2020-03-18T06:44:41+00:00","dateModified":"2022-09-09T09:19:05+00:00","breadcrumb":{"@id":"https:\/\/www.h4y-immo.at\/en\/poertschach\/#breadcrumb"},"inLanguage":"en-US","potentialAction":[{"@type":"ReadAction","target":["https:\/\/www.h4y-immo.at\/en\/poertschach\/"]}]},{"@type":"BreadcrumbList","@id":"https:\/\/www.h4y-immo.at\/en\/poertschach\/#breadcrumb","itemListElement":[{"@type":"ListItem","position":1,"name":"Startseite","item":"https:\/\/www.h4y-immo.at\/en\/"},{"@type":"ListItem","position":2,"name":"P\u00f6rtschach"}]},{"@type":"WebSite","@id":"https:\/\/www.h4y-immo.at\/en\/#website","url":"https:\/\/www.h4y-immo.at\/en\/","name":"Home4You","description":"Immobilien","potentialAction":[{"@type":"SearchAction","target":{"@type":"EntryPoint","urlTemplate":"https:\/\/www.h4y-immo.at\/en\/?s={search_term_string}"},"query-input":{"@type":"PropertyValueSpecification","valueRequired":true,"valueName":"search_term_string"}}],"inLanguage":"en-US"}]}},"_links":{"self":[{"href":"https:\/\/www.h4y-immo.at\/en\/wp-json\/wp\/v2\/pages\/442","targetHints":{"allow":["GET"]}}],"collection":[{"href":"https:\/\/www.h4y-immo.at\/en\/wp-json\/wp\/v2\/pages"}],"about":[{"href":"https:\/\/www.h4y-immo.at\/en\/wp-json\/wp\/v2\/types\/page"}],"author":[{"embeddable":true,"href":"https:\/\/www.h4y-immo.at\/en\/wp-json\/wp\/v2\/users\/2"}],"replies":[{"embeddable":true,"href":"https:\/\/www.h4y-immo.at\/en\/wp-json\/wp\/v2\/comments?post=442"}],"version-history":[{"count":9,"href":"https:\/\/www.h4y-immo.at\/en\/wp-json\/wp\/v2\/pages\/442\/revisions"}],"predecessor-version":[{"id":930,"href":"https:\/\/www.h4y-immo.at\/en\/wp-json\/wp\/v2\/pages\/442\/revisions\/930"}],"wp:attachment":[{"href":"https:\/\/www.h4y-immo.at\/en\/wp-json\/wp\/v2\/media?parent=442"}],"curies":[{"name":"wp","href":"https:\/\/api.w.org\/{rel}","templated":true}]}}